{"id":1277,"date":"2021-07-19T06:00:27","date_gmt":"2021-07-19T06:00:27","guid":{"rendered":"https:\/\/cagt.com.mx\/?page_id=1277"},"modified":"2021-11-18T21:05:24","modified_gmt":"2021-11-18T21:05:24","slug":"mechanic-home","status":"publish","type":"page","link":"https:\/\/cagt.com.mx\/","title":{"rendered":"Inicio"},"content":{"rendered":"<div class=\"fusion-fullwidth fullwidth-box fusion-builder-row-1 fusion-flex-container hundred-percent-fullwidth non-hundred-percent-height-scrolling\" style=\"--awb-border-radius-top-left:0px;--awb-border-radius-top-right:0px;--awb-border-radius-bottom-right:0px;--awb-border-radius-bottom-left:0px;--awb-padding-right:0px;--awb-padding-left:0px;--awb-background-color:#000d51;--awb-flex-wrap:wrap;\" ><div class=\"fusion-builder-row fusion-row fusion-flex-align-items-stretch fusion-flex-content-wrap\" style=\"width:calc( 100% + 0px ) !important;max-width:calc( 100% + 0px ) !important;margin-left: calc(-0px \/ 2 );margin-right: calc(-0px \/ 2 );\"><div class=\"fusion-layout-column fusion_builder_column fusion-builder-column-0 fusion_builder_column_1_3 1_3 fusion-flex-column fusion-column-inner-bg-wrapper\" style=\"--awb-padding-top:20vw;--awb-padding-right:5vw;--awb-padding-bottom:4vw;--awb-padding-left:5vw;--awb-inner-bg-image:linear-gradient(180deg, rgba(0,5,14,0) 0%,#00050e 100%);;--awb-inner-bg-position:center center;--awb-inner-bg-size:cover;--awb-width-large:33.333333333333%;--awb-margin-top-large:0px;--awb-spacing-right-large:0px;--awb-margin-bottom-large:0px;--awb-spacing-left-large:0px;--awb-width-medium:33.333333333333%;--awb-order-medium:0;--awb-spacing-right-medium:0px;--awb-spacing-left-medium:0px;--awb-width-small:100%;--awb-order-small:0;--awb-spacing-right-small:0px;--awb-spacing-left-small:0px;\"><span class=\"fusion-column-inner-bg hover-type-zoomin\"><a class=\"fusion-column-anchor\" href=\"https:\/\/cagt.com.mx\/index.php\/quienes-somos\/\"><span class=\"fusion-column-inner-bg-image lazyload\" data-bg=\"https:\/\/cagt.com.mx\/wp-content\/uploads\/2021\/11\/nosotrosBG-min.jpg\" data-bg-gradient=\"linear-gradient(180deg, rgba(0,5,14,0) 0%,#00050e 100%)\"><\/span><\/a><\/span><div class=\"fusion-column-wrapper fusion-column-has-shadow fusion-flex-justify-content-flex-start fusion-content-layout-column fusion-column-has-bg-image\" data-bg-url=\"https:\/\/cagt.com.mx\/wp-content\/uploads\/2021\/11\/nosotrosBG-min.jpg\"><div class=\"fusion-title title fusion-title-1 fusion-sep-none fusion-title-text fusion-title-size-two\" style=\"--awb-text-color:#ffffff;--awb-font-size:75px;\"><h2 class=\"fusion-title-heading title-heading-left\" style=\"font-family:&quot;Epilogue&quot;;font-style:normal;font-weight:700;margin:0;font-size:1em;\">01<\/h2><\/div><div class=\"fusion-separator fusion-full-width-sep\" style=\"align-self: center;margin-left: auto;margin-right: auto;margin-top:10px;margin-bottom:30px;width:100%;\"><div class=\"fusion-separator-border sep-single sep-solid\" style=\"--awb-height:20px;--awb-amount:20px;--awb-sep-color:rgba(255,255,255,0.15);border-color:rgba(255,255,255,0.15);border-top-width:2px;\"><\/div><\/div><div class=\"fusion-text fusion-text-1\" style=\"--awb-font-size:27px;--awb-line-height:1.5em;--awb-text-color:#ffffff;\"><p>Quienes somos<\/p>\n<\/div><div class=\"fusion-text fusion-text-2\" style=\"--awb-text-color:rgba(255,255,255,0.7);\"><p>La Compa\u00f1\u00eda Agr\u00edcola Ganadera de Tabasco o CAGT naci\u00f3 en diciembre de 1990 como una empresa netamente Tabasque\u00f1a.<\/p>\n<\/div><\/div><\/div><div class=\"fusion-layout-column fusion_builder_column fusion-builder-column-1 fusion_builder_column_1_3 1_3 fusion-flex-column fusion-column-inner-bg-wrapper\" style=\"--awb-padding-top:20vw;--awb-padding-right:5vw;--awb-padding-bottom:4vw;--awb-padding-left:5vw;--awb-inner-bg-image:linear-gradient(180deg, rgba(0,5,14,0) 0%,#00050e 100%);;--awb-inner-bg-position:center top;--awb-inner-bg-size:cover;--awb-width-large:33.333333333333%;--awb-margin-top-large:0px;--awb-spacing-right-large:0px;--awb-margin-bottom-large:0px;--awb-spacing-left-large:0px;--awb-width-medium:33.333333333333%;--awb-order-medium:0;--awb-spacing-right-medium:0px;--awb-spacing-left-medium:0px;--awb-width-small:100%;--awb-order-small:0;--awb-spacing-right-small:0px;--awb-spacing-left-small:0px;\"><span class=\"fusion-column-inner-bg hover-type-zoomin\"><a class=\"fusion-column-anchor\" href=\"https:\/\/cagt.com.mx\/index.php\/servicios\/\"><span class=\"fusion-column-inner-bg-image lazyload\" data-bg=\"https:\/\/cagt.com.mx\/wp-content\/uploads\/2021\/11\/serviciosbg-min.jpg\" data-bg-gradient=\"linear-gradient(180deg, rgba(0,5,14,0) 0%,#00050e 100%)\"><\/span><\/a><\/span><div class=\"fusion-column-wrapper fusion-column-has-shadow fusion-flex-justify-content-flex-start fusion-content-layout-column fusion-column-has-bg-image\" data-bg-url=\"https:\/\/cagt.com.mx\/wp-content\/uploads\/2021\/11\/serviciosbg-min.jpg\"><div class=\"fusion-title title fusion-title-2 fusion-sep-none fusion-title-text fusion-title-size-two\" style=\"--awb-text-color:#ffffff;--awb-font-size:75px;\"><h2 class=\"fusion-title-heading title-heading-left\" style=\"font-family:&quot;Epilogue&quot;;font-style:normal;font-weight:700;margin:0;font-size:1em;\">02<\/h2><\/div><div class=\"fusion-separator fusion-full-width-sep\" style=\"align-self: center;margin-left: auto;margin-right: auto;margin-top:10px;margin-bottom:30px;width:100%;\"><div class=\"fusion-separator-border sep-single sep-solid\" style=\"--awb-height:20px;--awb-amount:20px;--awb-sep-color:rgba(255,255,255,0.15);border-color:rgba(255,255,255,0.15);border-top-width:2px;\"><\/div><\/div><div class=\"fusion-text fusion-text-3\" style=\"--awb-font-size:27px;--awb-line-height:1.5em;--awb-text-color:#ffffff;\"><p>Servicios<\/p>\n<\/div><div class=\"fusion-text fusion-text-4\" style=\"--awb-text-color:rgba(255,255,255,0.7);\"><p><span style=\"font-weight: 400;\">CAGT comercializa y distribuye tractores de la marca Massey Ferguson, sus implementos, refacciones y\u00a0 post-venta.<\/span><\/p>\n<\/div><\/div><\/div><div class=\"fusion-layout-column fusion_builder_column fusion-builder-column-2 fusion_builder_column_1_3 1_3 fusion-flex-column fusion-column-inner-bg-wrapper\" style=\"--awb-padding-top:20vw;--awb-padding-right:5vw;--awb-padding-bottom:4vw;--awb-padding-left:5vw;--awb-inner-bg-image:linear-gradient(180deg, rgba(0,5,14,0) 0%,#00050e 100%);;--awb-inner-bg-position:center center;--awb-inner-bg-size:cover;--awb-width-large:33.333333333333%;--awb-margin-top-large:0px;--awb-spacing-right-large:0px;--awb-margin-bottom-large:0px;--awb-spacing-left-large:0px;--awb-width-medium:33.333333333333%;--awb-order-medium:0;--awb-spacing-right-medium:0px;--awb-spacing-left-medium:0px;--awb-width-small:100%;--awb-order-small:0;--awb-spacing-right-small:0px;--awb-spacing-left-small:0px;\"><span class=\"fusion-column-inner-bg hover-type-zoomin\"><a class=\"fusion-column-anchor\" href=\"https:\/\/cagt.com.mx\/index.php\/sucursales\/\"><span class=\"fusion-column-inner-bg-image lazyload\" data-bg=\"https:\/\/cagt.com.mx\/wp-content\/uploads\/2021\/11\/sucursalbg-min.jpg\" data-bg-gradient=\"linear-gradient(180deg, rgba(0,5,14,0) 0%,#00050e 100%)\"><\/span><\/a><\/span><div class=\"fusion-column-wrapper fusion-column-has-shadow fusion-flex-justify-content-flex-start fusion-content-layout-column fusion-column-has-bg-image\" data-bg-url=\"https:\/\/cagt.com.mx\/wp-content\/uploads\/2021\/11\/sucursalbg-min.jpg\"><div class=\"fusion-title title fusion-title-3 fusion-sep-none fusion-title-text fusion-title-size-two\" style=\"--awb-text-color:#ffffff;--awb-font-size:75px;\"><h2 class=\"fusion-title-heading title-heading-left\" style=\"font-family:&quot;Epilogue&quot;;font-style:normal;font-weight:700;margin:0;font-size:1em;\">03<\/h2><\/div><div class=\"fusion-separator fusion-full-width-sep\" style=\"align-self: center;margin-left: auto;margin-right: auto;margin-top:10px;margin-bottom:30px;width:100%;\"><div class=\"fusion-separator-border sep-single sep-solid\" style=\"--awb-height:20px;--awb-amount:20px;--awb-sep-color:rgba(255,255,255,0.15);border-color:rgba(255,255,255,0.15);border-top-width:2px;\"><\/div><\/div><div class=\"fusion-text fusion-text-5\" style=\"--awb-font-size:27px;--awb-line-height:1.5em;--awb-text-color:#ffffff;\"><p>Sucursales<\/p>\n<\/div><div class=\"fusion-text fusion-text-6\" style=\"--awb-text-color:rgba(255,255,255,0.7);\"><p><span style=\"font-weight: 400;\">Contamos con dos sucursales: la matriz en Villahermosa, Tabasco y la sucursal en el municipio de Emiliano Zapata, Tabasco.\u00a0<\/span><\/p>\n<\/div><\/div><\/div><\/div><\/div>\n","protected":false},"excerpt":{"rendered":"","protected":false},"author":1,"featured_media":0,"parent":0,"menu_order":0,"comment_status":"closed","ping_status":"closed","template":"100-width.php","meta":{"footnotes":""},"class_list":["post-1277","page","type-page","status-publish","hentry"],"_links":{"self":[{"href":"https:\/\/cagt.com.mx\/index.php\/wp-json\/wp\/v2\/pages\/1277","targetHints":{"allow":["GET"]}}],"collection":[{"href":"https:\/\/cagt.com.mx\/index.php\/wp-json\/wp\/v2\/pages"}],"about":[{"href":"https:\/\/cagt.com.mx\/index.php\/wp-json\/wp\/v2\/types\/page"}],"author":[{"embeddable":true,"href":"https:\/\/cagt.com.mx\/index.php\/wp-json\/wp\/v2\/users\/1"}],"replies":[{"embeddable":true,"href":"https:\/\/cagt.com.mx\/index.php\/wp-json\/wp\/v2\/comments?post=1277"}],"version-history":[{"count":9,"href":"https:\/\/cagt.com.mx\/index.php\/wp-json\/wp\/v2\/pages\/1277\/revisions"}],"predecessor-version":[{"id":1721,"href":"https:\/\/cagt.com.mx\/index.php\/wp-json\/wp\/v2\/pages\/1277\/revisions\/1721"}],"wp:attachment":[{"href":"https:\/\/cagt.com.mx\/index.php\/wp-json\/wp\/v2\/media?parent=1277"}],"curies":[{"name":"wp","href":"https:\/\/api.w.org\/{rel}","templated":true}]}}